{"id":4054,"date":"2026-02-17T14:44:05","date_gmt":"2026-02-17T14:44:05","guid":{"rendered":"https:\/\/abenteueroase.vcp-bbb.de\/?page_id=4054"},"modified":"2026-02-18T13:24:23","modified_gmt":"2026-02-18T13:24:23","slug":"mach-mit","status":"publish","type":"page","link":"https:\/\/abenteueroase.vcp-bbb.de\/en\/mach-mit","title":{"rendered":"Mach mit!"},"content":{"rendered":"\t\t<div data-elementor-type=\"wp-page\" data-elementor-id=\"4054\" class=\"elementor elementor-4054\" data-elementor-post-type=\"page\">\n\t\t\t\t\t\t<section class=\"elementor-section elementor-top-section elementor-element elementor-element-cc2ef7c elementor-section-boxed elementor-section-height-default elementor-section-height-default\" data-id=\"cc2ef7c\" data-element_type=\"section\" data-e-type=\"section\">\n\t\t\t\t\t\t<div class=\"elementor-container elementor-column-gap-default\">\n\t\t\t\t\t<div class=\"elementor-column elementor-col-100 elementor-top-column elementor-element elementor-element-8a78707\" data-id=\"8a78707\" data-element_type=\"column\" data-e-type=\"column\">\n\t\t\t<div class=\"elementor-widget-wrap elementor-element-populated\">\n\t\t\t\t\t\t<div class=\"elementor-element elementor-element-1d690ad elementor-widget elementor-widget-image\" data-id=\"1d690ad\" data-element_type=\"widget\" data-e-type=\"widget\" data-widget_type=\"image.default\">\n\t\t\t\t<div class=\"elementor-widget-container\">\n\t\t\t\t\t\t\t\t\t\t\t\t\t\t\t<img fetchpriority=\"high\" decoding=\"async\" width=\"1024\" height=\"387\" src=\"https:\/\/abenteueroase.vcp-bbb.de\/wp-content\/uploads\/2026\/02\/Abenteueroase_gelaende-1-1024x387.jpeg\" class=\"attachment-large size-large wp-image-4057\" alt=\"\" srcset=\"https:\/\/abenteueroase.vcp-bbb.de\/wp-content\/uploads\/2026\/02\/Abenteueroase_gelaende-1-1024x387.jpeg 1024w, https:\/\/abenteueroase.vcp-bbb.de\/wp-content\/uploads\/2026\/02\/Abenteueroase_gelaende-1-300x113.jpeg 300w, https:\/\/abenteueroase.vcp-bbb.de\/wp-content\/uploads\/2026\/02\/Abenteueroase_gelaende-1-768x290.jpeg 768w, https:\/\/abenteueroase.vcp-bbb.de\/wp-content\/uploads\/2026\/02\/Abenteueroase_gelaende-1-1536x580.jpeg 1536w, https:\/\/abenteueroase.vcp-bbb.de\/wp-content\/uploads\/2026\/02\/Abenteueroase_gelaende-1-18x7.jpeg 18w, https:\/\/abenteueroase.vcp-bbb.de\/wp-content\/uploads\/2026\/02\/Abenteueroase_gelaende-1.jpeg 1600w\" sizes=\"(max-width: 1024px) 100vw, 1024px\" \/>\t\t\t\t\t\t\t\t\t\t\t\t\t\t\t<\/div>\n\t\t\t\t<\/div>\n\t\t\t\t\t<\/div>\n\t\t<\/div>\n\t\t\t\t\t<\/div>\n\t\t<\/section>\n\t\t\t\t<section class=\"elementor-section elementor-top-section elementor-element elementor-element-bbda93a elementor-section-boxed elementor-section-height-default elementor-section-height-default\" data-id=\"bbda93a\" data-element_type=\"section\" data-e-type=\"section\">\n\t\t\t\t\t\t<div class=\"elementor-container elementor-column-gap-default\">\n\t\t\t\t\t<div class=\"elementor-column elementor-col-100 elementor-top-column elementor-element elementor-element-647bf13\" data-id=\"647bf13\" data-element_type=\"column\" data-e-type=\"column\">\n\t\t\t<div class=\"elementor-widget-wrap elementor-element-populated\">\n\t\t\t\t\t\t<div class=\"elementor-element elementor-element-034698e elementor-widget elementor-widget-text-editor\" data-id=\"034698e\" data-element_type=\"widget\" data-e-type=\"widget\" data-widget_type=\"text-editor.default\">\n\t\t\t\t<div class=\"elementor-widget-container\">\n\t\t\t\t\t\t\t\t\t<div>\n<div>\n<p>Wir sind immer auf der Suche nach neuen, tollen Menschen, die Lust haben, uns kennenzulernen und Teil unserer Gemeinschaft zu werden.<\/p>\n<\/div>\n<div>\n<p>Ganz egal, ob du 16 oder 66 Jahre alt bist, bei uns ist jede Person herzlich willkommen. Du brauchst keine Vorkenntnisse und musst nichts Besonderes k\u00f6nnen. Alles, was wir wissen, haben wir irgendwann gelernt und genau das tun wir auch heute noch: voneinander lernen, gemeinsam ausprobieren und uns gegenseitig unterst\u00fctzen.<\/p>\n<\/div>\n<div>\n<p>Gemeinsam finden wir heraus, wo du dich bei uns wohlf\u00fchlst und was zu dir passt. Niemand muss alles machen oder \u00fcberall mithelfen. Jede Person sucht sich das aus, worauf sie wirklich Lust hat, ganz ohne Druck.<\/p>\n<\/div>\n<div>\n<p>Wir freuen uns \u00fcber jede neue Pers\u00f6nlichkeit, die unsere Community bereichert und mit uns gemeinsam Abenteuer erlebt.<\/p>\n<\/div>\n<\/div>\t\t\t\t\t\t\t\t<\/div>\n\t\t\t\t<\/div>\n\t\t\t\t\t<\/div>\n\t\t<\/div>\n\t\t\t\t\t<\/div>\n\t\t<\/section>\n\t\t\t\t<section class=\"elementor-section elementor-top-section elementor-element elementor-element-eb13f95 elementor-section-boxed elementor-section-height-default elementor-section-height-default\" data-id=\"eb13f95\" data-element_type=\"section\" data-e-type=\"section\">\n\t\t\t\t\t\t<div class=\"elementor-container elementor-column-gap-default\">\n\t\t\t\t\t<div class=\"elementor-column elementor-col-50 elementor-top-column elementor-element elementor-element-60f3cb2\" data-id=\"60f3cb2\" data-element_type=\"column\" data-e-type=\"column\">\n\t\t\t<div class=\"elementor-widget-wrap elementor-element-populated\">\n\t\t\t\t\t\t<div class=\"elementor-element elementor-element-c12b389 elementor-widget elementor-widget-heading\" data-id=\"c12b389\" data-element_type=\"widget\" data-e-type=\"widget\" data-widget_type=\"heading.default\">\n\t\t\t\t<div class=\"elementor-widget-container\">\n\t\t\t\t\t<h4 class=\"elementor-heading-title elementor-size-default\">Die Abenteueroase<\/h4>\t\t\t\t<\/div>\n\t\t\t\t<\/div>\n\t\t\t\t\t<\/div>\n\t\t<\/div>\n\t\t\t\t<div class=\"elementor-column elementor-col-50 elementor-top-column elementor-element elementor-element-201b604\" data-id=\"201b604\" data-element_type=\"column\" data-e-type=\"column\">\n\t\t\t<div class=\"elementor-widget-wrap elementor-element-populated\">\n\t\t\t\t\t\t<div class=\"elementor-element elementor-element-c61b298 elementor-widget elementor-widget-heading\" data-id=\"c61b298\" data-element_type=\"widget\" data-e-type=\"widget\" data-widget_type=\"heading.default\">\n\t\t\t\t<div class=\"elementor-widget-container\">\n\t\t\t\t\t<h4 class=\"elementor-heading-title elementor-size-default\">Die Pfadfinder*innen<\/h4>\t\t\t\t<\/div>\n\t\t\t\t<\/div>\n\t\t\t\t\t<\/div>\n\t\t<\/div>\n\t\t\t\t\t<\/div>\n\t\t<\/section>\n\t\t\t\t<section class=\"elementor-section elementor-top-section elementor-element elementor-element-fdeb0fb elementor-section-boxed elementor-section-height-default elementor-section-height-default\" data-id=\"fdeb0fb\" data-element_type=\"section\" data-e-type=\"section\">\n\t\t\t\t\t\t<div class=\"elementor-container elementor-column-gap-default\">\n\t\t\t\t\t<div class=\"elementor-column elementor-col-50 elementor-top-column elementor-element elementor-element-847676a\" data-id=\"847676a\" data-element_type=\"column\" data-e-type=\"column\">\n\t\t\t<div class=\"elementor-widget-wrap elementor-element-populated\">\n\t\t\t\t\t\t<div class=\"elementor-element elementor-element-6c13de6 elementor-widget elementor-widget-text-editor\" data-id=\"6c13de6\" data-element_type=\"widget\" data-e-type=\"widget\" data-widget_type=\"text-editor.default\">\n\t\t\t\t<div class=\"elementor-widget-container\">\n\t\t\t\t\t\t\t\t\t<div><div><p>Auf unserem Gel\u00e4nde gibt es immer etwas zu tun \u2013 und genau das macht den besonderen Charme aus. Ob gro\u00dfe Bauprojekte oder kleine Versch\u00f6nerungen: Wir packen gemeinsam an, probieren Dinge aus und gestalten unseren Ort St\u00fcck f\u00fcr St\u00fcck selbst.<\/p><\/div><div><p>Alles passiert ehrenamtlich in unserer Freizeit. Gemeinsam sorgen wir daf\u00fcr, dass die Abenteueroase ein lebendiger Ort bleibt, an dem sich Menschen wohlf\u00fchlen und neue Ideen entstehen k\u00f6nnen.<\/p><\/div><div><p><strong><br \/>Hier kannst du dich einbringen bei:<\/strong><\/p><\/div><ul><li><p>Bauen &amp; Werkeln<\/p><\/li><li><p>Planen &amp; Mitgestalten<\/p><\/li><li><p>Organisieren<\/p><\/li><li><p>Gartenarbeit<\/p><\/li><li><p>Entwickeln neuer Ideen<\/p><\/li><li><p>Einfach mal Quatsch machen<\/p><\/li><li><p>Finanzen<\/p><\/li><li><p>Bauwochenenden<\/p><\/li><li><p>Weihnachtsmarkt<\/p><\/li><li><p>\u00d6ffentlichkeitsarbeit<\/p><\/li><\/ul><\/div>\t\t\t\t\t\t\t\t<\/div>\n\t\t\t\t<\/div>\n\t\t\t\t\t<\/div>\n\t\t<\/div>\n\t\t\t\t<div class=\"elementor-column elementor-col-50 elementor-top-column elementor-element elementor-element-e8b125f\" data-id=\"e8b125f\" data-element_type=\"column\" data-e-type=\"column\">\n\t\t\t<div class=\"elementor-widget-wrap elementor-element-populated\">\n\t\t\t\t\t\t<div class=\"elementor-element elementor-element-6d53e74 elementor-widget elementor-widget-text-editor\" data-id=\"6d53e74\" data-element_type=\"widget\" data-e-type=\"widget\" data-widget_type=\"text-editor.default\">\n\t\t\t\t<div class=\"elementor-widget-container\">\n\t\t\t\t\t\t\t\t\t<div><div><p><span style=\"color: #46707f; font-size: 16px;\">Unser Pfadistamm VCP Stamm \u201eRotmilan\u201c Steglitz besteht nun bald seit zwei Jahren und w\u00e4chst stetig weiter. Aktuell finden mehrere Gruppenstunden pro Woche statt, in denen Kinder und Jugendliche gemeinsam Abenteuer erleben, Neues lernen und Gemeinschaft erfahren.<\/span><\/p><\/div><div><p>Hier steht vor allem die Arbeit mit jungen Menschen im Mittelpunkt: drau\u00dfen sein, kreativ werden, Verantwortung \u00fcbernehmen und zusammen eine gute Zeit haben.<\/p><\/div><div><p><strong>Wie du dich einbringen kannst:<\/strong><\/p><\/div><ul><li><p>Basteln &amp; kreativ sein<\/p><\/li><li><p>Gruppenstunden leiten<\/p><\/li><li><p>Materialbeschaffung und Pflege<\/p><\/li><li><p>Spielen &amp; Abenteuer erleben<\/p><\/li><li><p>Organisieren von Aktionen und Fahrten<\/p><\/li><li><p>Lagerfeuer &amp; drau\u00dfen sein<\/p><\/li><li><p>Singen &amp; Gemeinschaft erleben<\/p><\/li><li><p>Nat\u00fcrlich auch: Quatsch machen<\/p><\/li><li><p>Konzeptionelle Arbeit<\/p><\/li><li><p>Finanzen<\/p><\/li><li><p>an Weiterbildungen teilnehmen<\/p><\/li><\/ul><\/div>\t\t\t\t\t\t\t\t<\/div>\n\t\t\t\t<\/div>\n\t\t\t\t\t<\/div>\n\t\t<\/div>\n\t\t\t\t\t<\/div>\n\t\t<\/section>\n\t\t\t\t<section class=\"elementor-section elementor-top-section elementor-element elementor-element-ed49b3c elementor-section-boxed elementor-section-height-default elementor-section-height-default\" data-id=\"ed49b3c\" data-element_type=\"section\" data-e-type=\"section\">\n\t\t\t\t\t\t<div class=\"elementor-container elementor-column-gap-default\">\n\t\t\t\t\t<div class=\"elementor-column elementor-col-50 elementor-top-column elementor-element elementor-element-9b78d51\" data-id=\"9b78d51\" data-element_type=\"column\" data-e-type=\"column\">\n\t\t\t<div class=\"elementor-widget-wrap elementor-element-populated\">\n\t\t\t\t\t\t<div class=\"elementor-element elementor-element-1a4f37f elementor-widget elementor-widget-text-editor\" data-id=\"1a4f37f\" data-element_type=\"widget\" data-e-type=\"widget\" data-widget_type=\"text-editor.default\">\n\t\t\t\t<div class=\"elementor-widget-container\">\n\t\t\t\t\t\t\t\t\t<div><div><p>Du hast Interesse bekommen oder m\u00f6chtest einfach mal reinschnuppern? Dann melde dich gerne bei uns! Schreib uns ein paar Stichpunkte \u00fcber dich und deine Interessen, wir melden uns bei dir und schauen gemeinsam, wie du bei uns einsteigen kannst.<\/p><\/div><div><p>Schreib uns einfach ein paar Zeilen \u00fcber dich. Gerne auch ganz unkompliziert in Stichpunkten:<br \/><br \/>Was macht dir Spa\u00df?<br \/>Welche Hobbys hast du?<br \/>Worauf hast du Lust?<br \/>Was wolltest du schon immer mal ausprobieren oder lernen?<\/p><\/div><div><p>Es gibt kein richtig oder falsch und keine Verpflichtungen. Komm einfach so, wie du bist.<\/p><\/div><\/div>\t\t\t\t\t\t\t\t<\/div>\n\t\t\t\t<\/div>\n\t\t\t\t\t<\/div>\n\t\t<\/div>\n\t\t\t\t<div class=\"elementor-column elementor-col-50 elementor-top-column elementor-element elementor-element-09bbc79\" data-id=\"09bbc79\" data-element_type=\"column\" data-e-type=\"column\">\n\t\t\t<div class=\"elementor-widget-wrap elementor-element-populated\">\n\t\t\t\t\t\t<div class=\"elementor-element elementor-element-3989d1c elementor-button-align-stretch elementor-widget elementor-widget-form\" data-id=\"3989d1c\" data-element_type=\"widget\" data-e-type=\"widget\" data-settings=\"{&quot;step_next_label&quot;:&quot;Next&quot;,&quot;step_previous_label&quot;:&quot;Previous&quot;,&quot;button_width&quot;:&quot;100&quot;,&quot;step_type&quot;:&quot;number_text&quot;,&quot;step_icon_shape&quot;:&quot;circle&quot;}\" data-widget_type=\"form.default\">\n\t\t\t\t<div class=\"elementor-widget-container\">\n\t\t\t\t\t\t\t<form class=\"elementor-form\" method=\"post\" name=\"New Form\" aria-label=\"New Form\">\n\t\t\t<input type=\"hidden\" name=\"post_id\" value=\"4054\"\/>\n\t\t\t<input type=\"hidden\" name=\"form_id\" value=\"3989d1c\"\/>\n\t\t\t<input type=\"hidden\" name=\"referer_title\" value=\"\" \/>\n\n\t\t\t\n\t\t\t<div class=\"elementor-form-fields-wrapper elementor-labels-above\">\n\t\t\t\t\t\t\t\t<div class=\"elementor-field-type-text elementor-field-group elementor-column elementor-field-group-name elementor-col-100\">\n\t\t\t\t\t\t\t\t\t\t\t\t<label for=\"form-field-name\" class=\"elementor-field-label\">\n\t\t\t\t\t\t\t\tName\t\t\t\t\t\t\t<\/label>\n\t\t\t\t\t\t\t\t\t\t\t\t\t\t<input size=\"1\" type=\"text\" name=\"form_fields[name]\" id=\"form-field-name\" class=\"elementor-field elementor-size-sm  elementor-field-textual\" placeholder=\"Name\">\n\t\t\t\t\t\t\t\t\t\t\t<\/div>\n\t\t\t\t\t\t\t\t<div class=\"elementor-field-type-email elementor-field-group elementor-column elementor-field-group-email elementor-col-100 elementor-field-required\">\n\t\t\t\t\t\t\t\t\t\t\t\t<label for=\"form-field-email\" class=\"elementor-field-label\">\n\t\t\t\t\t\t\t\tEmail\t\t\t\t\t\t\t<\/label>\n\t\t\t\t\t\t\t\t\t\t\t\t\t\t<input size=\"1\" type=\"email\" name=\"form_fields[email]\" id=\"form-field-email\" class=\"elementor-field elementor-size-sm  elementor-field-textual\" placeholder=\"Email\" required=\"required\">\n\t\t\t\t\t\t\t\t\t\t\t<\/div>\n\t\t\t\t\t\t\t\t<div class=\"elementor-field-type-textarea elementor-field-group elementor-column elementor-field-group-message elementor-col-100\">\n\t\t\t\t\t\t\t\t\t\t\t\t<label for=\"form-field-message\" class=\"elementor-field-label\">\n\t\t\t\t\t\t\t\tMessage\t\t\t\t\t\t\t<\/label>\n\t\t\t\t\t\t<textarea class=\"elementor-field-textual elementor-field  elementor-size-sm\" name=\"form_fields[message]\" id=\"form-field-message\" rows=\"4\" placeholder=\"Message\"><\/textarea>\t\t\t\t<\/div>\n\t\t\t\t\t\t\t\t<div class=\"elementor-field-group elementor-column elementor-field-type-submit elementor-col-100 e-form__buttons\">\n\t\t\t\t\t<button class=\"elementor-button elementor-size-sm\" type=\"submit\">\n\t\t\t\t\t\t<span class=\"elementor-button-content-wrapper\">\n\t\t\t\t\t\t\t\t\t\t\t\t\t\t\t\t\t\t\t\t\t\t<span class=\"elementor-button-text\">Send<\/span>\n\t\t\t\t\t\t\t\t\t\t\t\t\t<\/span>\n\t\t\t\t\t<\/button>\n\t\t\t\t<\/div>\n\t\t\t<\/div>\n\t\t<\/form>\n\t\t\t\t\t\t<\/div>\n\t\t\t\t<\/div>\n\t\t\t\t\t<\/div>\n\t\t<\/div>\n\t\t\t\t\t<\/div>\n\t\t<\/section>\n\t\t\t\t<section class=\"elementor-section elementor-top-section elementor-element elementor-element-2c5b029 elementor-section-boxed elementor-section-height-default elementor-section-height-default\" data-id=\"2c5b029\" data-element_type=\"section\" data-e-type=\"section\">\n\t\t\t\t\t\t<div class=\"elementor-container elementor-column-gap-default\">\n\t\t\t\t\t<div class=\"elementor-column elementor-col-100 elementor-top-column elementor-element elementor-element-882012b\" data-id=\"882012b\" data-element_type=\"column\" data-e-type=\"column\">\n\t\t\t<div class=\"elementor-widget-wrap\">\n\t\t\t\t\t\t\t<\/div>\n\t\t<\/div>\n\t\t\t\t\t<\/div>\n\t\t<\/section>\n\t\t\t\t<section class=\"elementor-section elementor-top-section elementor-element elementor-element-aef7442 elementor-section-boxed elementor-section-height-default elementor-section-height-default\" data-id=\"aef7442\" data-element_type=\"section\" data-e-type=\"section\">\n\t\t\t\t\t\t<div class=\"elementor-container elementor-column-gap-default\">\n\t\t\t\t\t<div class=\"elementor-column elementor-col-100 elementor-top-column elementor-element elementor-element-bf44d3e\" data-id=\"bf44d3e\" data-element_type=\"column\" data-e-type=\"column\">\n\t\t\t<div class=\"elementor-widget-wrap\">\n\t\t\t\t\t\t\t<\/div>\n\t\t<\/div>\n\t\t\t\t\t<\/div>\n\t\t<\/section>\n\t\t\t\t<section class=\"elementor-section elementor-top-section elementor-element elementor-element-a54adba elementor-section-boxed elementor-section-height-default elementor-section-height-default\" data-id=\"a54adba\" data-element_type=\"section\" data-e-type=\"section\">\n\t\t\t\t\t\t<div class=\"elementor-container elementor-column-gap-default\">\n\t\t\t\t\t<div class=\"elementor-column elementor-col-100 elementor-top-column elementor-element elementor-element-e862a3a\" data-id=\"e862a3a\" data-element_type=\"column\" data-e-type=\"column\">\n\t\t\t<div class=\"elementor-widget-wrap\">\n\t\t\t\t\t\t\t<\/div>\n\t\t<\/div>\n\t\t\t\t\t<\/div>\n\t\t<\/section>\n\t\t\t\t<\/div>\n\t\t","protected":false},"excerpt":{"rendered":"<p>Wir sind immer auf der Suche nach neuen, tollen Menschen, die Lust haben, uns kennenzulernen und Teil unserer Gemeinschaft zu werden. Ganz egal, ob du 16 oder 66 Jahre alt bist, bei uns ist jede Person herzlich willkommen. Du brauchst keine Vorkenntnisse und musst nichts Besonderes k\u00f6nnen. Alles, was wir wissen, haben wir irgendwann gelernt [&hellip;]<\/p>\n","protected":false},"author":4,"featured_media":0,"parent":0,"menu_order":0,"comment_status":"closed","ping_status":"closed","template":"","meta":{"footnotes":""},"class_list":["post-4054","page","type-page","status-publish","hentry"],"_links":{"self":[{"href":"https:\/\/abenteueroase.vcp-bbb.de\/en\/wp-json\/wp\/v2\/pages\/4054","targetHints":{"allow":["GET"]}}],"collection":[{"href":"https:\/\/abenteueroase.vcp-bbb.de\/en\/wp-json\/wp\/v2\/pages"}],"about":[{"href":"https:\/\/abenteueroase.vcp-bbb.de\/en\/wp-json\/wp\/v2\/types\/page"}],"author":[{"embeddable":true,"href":"https:\/\/abenteueroase.vcp-bbb.de\/en\/wp-json\/wp\/v2\/users\/4"}],"replies":[{"embeddable":true,"href":"https:\/\/abenteueroase.vcp-bbb.de\/en\/wp-json\/wp\/v2\/comments?post=4054"}],"version-history":[{"count":7,"href":"https:\/\/abenteueroase.vcp-bbb.de\/en\/wp-json\/wp\/v2\/pages\/4054\/revisions"}],"predecessor-version":[{"id":4070,"href":"https:\/\/abenteueroase.vcp-bbb.de\/en\/wp-json\/wp\/v2\/pages\/4054\/revisions\/4070"}],"wp:attachment":[{"href":"https:\/\/abenteueroase.vcp-bbb.de\/en\/wp-json\/wp\/v2\/media?parent=4054"}],"curies":[{"name":"wp","href":"https:\/\/api.w.org\/{rel}","templated":true}]}}