{"id":3847,"date":"2025-04-16T16:13:48","date_gmt":"2025-04-16T16:13:48","guid":{"rendered":"https:\/\/abenteueroase.vcp-bbb.de\/?page_id=3847"},"modified":"2026-02-17T13:52:33","modified_gmt":"2026-02-17T13:52:33","slug":"vcp-steglitz","status":"publish","type":"page","link":"https:\/\/abenteueroase.vcp-bbb.de\/en\/vcp-steglitz","title":{"rendered":"VCP Stamm Steglitz"},"content":{"rendered":"<div data-elementor-type=\"wp-page\" data-elementor-id=\"3847\" class=\"elementor elementor-3847\" data-elementor-post-type=\"page\">\n\t\t\t\t\t\t<section class=\"elementor-section elementor-top-section elementor-element elementor-element-ed107c3 elementor-section-boxed elementor-section-height-default elementor-section-height-default\" data-id=\"ed107c3\" data-element_type=\"section\" data-e-type=\"section\">\n\t\t\t\t\t\t<div class=\"elementor-container elementor-column-gap-default\">\n\t\t\t\t\t<div class=\"elementor-column elementor-col-100 elementor-top-column elementor-element elementor-element-4bd4eeb\" data-id=\"4bd4eeb\" data-element_type=\"column\" data-e-type=\"column\">\n\t\t\t<div class=\"elementor-widget-wrap elementor-element-populated\">\n\t\t\t\t\t\t<div class=\"elementor-element elementor-element-130ce67 elementor-widget elementor-widget-image\" data-id=\"130ce67\" data-element_type=\"widget\" data-e-type=\"widget\" data-widget_type=\"image.default\">\n\t\t\t\t<div class=\"elementor-widget-container\">\n\t\t\t\t\t\t\t\t\t\t\t\t\t\t\t<img fetchpriority=\"high\" decoding=\"async\" width=\"1280\" height=\"440\" src=\"https:\/\/abenteueroase.vcp-bbb.de\/wp-content\/uploads\/2025\/04\/VCP-Steglitz.png\" class=\"attachment-1536x1536 size-1536x1536 wp-image-3848\" alt=\"\" srcset=\"https:\/\/abenteueroase.vcp-bbb.de\/wp-content\/uploads\/2025\/04\/VCP-Steglitz.png 1280w, https:\/\/abenteueroase.vcp-bbb.de\/wp-content\/uploads\/2025\/04\/VCP-Steglitz-300x103.png 300w, https:\/\/abenteueroase.vcp-bbb.de\/wp-content\/uploads\/2025\/04\/VCP-Steglitz-1024x352.png 1024w, https:\/\/abenteueroase.vcp-bbb.de\/wp-content\/uploads\/2025\/04\/VCP-Steglitz-768x264.png 768w, https:\/\/abenteueroase.vcp-bbb.de\/wp-content\/uploads\/2025\/04\/VCP-Steglitz-18x6.png 18w\" sizes=\"(max-width: 1280px) 100vw, 1280px\" \/>\t\t\t\t\t\t\t\t\t\t\t\t\t\t\t<\/div>\n\t\t\t\t<\/div>\n\t\t\t\t\t<\/div>\n\t\t<\/div>\n\t\t\t\t\t<\/div>\n\t\t<\/section>\n\t\t\t\t<section class=\"elementor-section elementor-top-section elementor-element elementor-element-b819e25 elementor-section-boxed elementor-section-height-default elementor-section-height-default\" data-id=\"b819e25\" data-element_type=\"section\" data-e-type=\"section\">\n\t\t\t\t\t\t<div class=\"elementor-container elementor-column-gap-default\">\n\t\t\t\t\t<div class=\"elementor-column elementor-col-100 elementor-top-column elementor-element elementor-element-e73f708\" data-id=\"e73f708\" data-element_type=\"column\" data-e-type=\"column\">\n\t\t\t<div class=\"elementor-widget-wrap elementor-element-populated\">\n\t\t\t\t\t\t<div class=\"elementor-element elementor-element-bad6305 elementor-widget elementor-widget-heading\" data-id=\"bad6305\" data-element_type=\"widget\" data-e-type=\"widget\" data-widget_type=\"heading.default\">\n\t\t\t\t<div class=\"elementor-widget-container\">\n\t\t\t\t\t<h2 class=\"elementor-heading-title elementor-size-default\">Pfadfinden in der Abenteueroase<\/h2>\t\t\t\t<\/div>\n\t\t\t\t<\/div>\n\t\t\t\t\t<\/div>\n\t\t<\/div>\n\t\t\t\t\t<\/div>\n\t\t<\/section>\n\t\t\t\t<section class=\"elementor-section elementor-top-section elementor-element elementor-element-32e0e99 elementor-section-boxed elementor-section-height-default elementor-section-height-default\" data-id=\"32e0e99\" data-element_type=\"section\" data-e-type=\"section\">\n\t\t\t\t\t\t<div class=\"elementor-container elementor-column-gap-default\">\n\t\t\t\t\t<div class=\"elementor-column elementor-col-100 elementor-top-column elementor-element elementor-element-804f98d\" data-id=\"804f98d\" data-element_type=\"column\" data-e-type=\"column\">\n\t\t\t<div class=\"elementor-widget-wrap elementor-element-populated\">\n\t\t\t\t\t\t<div class=\"elementor-element elementor-element-b047130 elementor-widget elementor-widget-text-editor\" data-id=\"b047130\" data-element_type=\"widget\" data-e-type=\"widget\" data-widget_type=\"text-editor.default\">\n\t\t\t\t<div class=\"elementor-widget-container\">\n\t\t\t\t\t\t\t\t\t<p>Pfadfinden \u2013 das ist Abenteuer, Gemeinschaft und Naturerlebnis. Seit etwas mehr als einem Jahr ist der VCP Stamm Steglitz Teil der Abenteueroase \u2013 mit w\u00f6chentlichen Gruppenstunden und viel Begeisterung f\u00fcr das Pfadfinderleben.<\/p>\n<p>Wer montags bis mittwochs \u00fcber das Gel\u00e4nde schaut, sieht Menschen mit Fahrtenhemd und Halst\u00fcchern \u00fcber die Wiese laufen. Am Ende der Gruppenstunde verabschieden sich alle mit einem herzlichen:&nbsp;<strong>\u201eGut Pfad!\u201c<\/strong><\/p>\n<h5>Wer wir sind<\/h5>\n<p>Wir geh\u00f6ren zum&nbsp;<strong>Verband Christlicher Pfadfinder*innen (VCP)<\/strong>, einem bundesweiten Pfadfinderverband mit evangelischem Hintergrund.<br>Wir sind offen f\u00fcr Kinder und Jugendliche&nbsp;<strong>unabh\u00e4ngig von Religion oder Weltanschauung<\/strong>&nbsp;\u2013 was uns verbindet, ist die Freude an Gemeinschaft, Natur und dem Wunsch, Verantwortung zu \u00fcbernehmen.<\/p>\n<p>Pfadfinden im VCP hei\u00dft: gemeinsam unterwegs sein, sich ausprobieren, wachsen \u2013 und dabei die Welt ein St\u00fcck besser hinterlassen, als man sie vorgefunden hat. Ganz im Sinne von Robert Baden-Powell, dem Gr\u00fcnder der Pfadfinderbewegung.<\/p>\n<h5>Unsere Gruppen<\/h5>\n<p>Alle unsere Kinder sind aktuell in der sogenannten&nbsp;<strong>W\u00f6lflingsstufe<\/strong>, das ist die j\u00fcngste Altersgruppe im VCP. Ihr Halstuch hat einen orangefarbenen Rand \u2013 ein Symbol ihrer Zugeh\u00f6rigkeit. Wer ein Halstuch tragen m\u00f6chte, bereitet daf\u00fcr ein eigenes Versprechen vor und bekommt es feierlich verliehen.<\/p>\n<p>Unsere drei Gruppen treffen sich w\u00f6chentlich auf der Abenteueroase:<\/p>\n<p><span style=\"background-color: #ffffff; color: #474747; font-family: Arial, sans-serif; font-size: 14px;\">\u2638&nbsp;<\/span><b>Montags, 17:00 &#8211; 18:30 Uhr <\/b>&#8211; Wolflinge <i>(Gruppe voll)<\/i><br><span style=\"color: #474747; font-family: Arial, sans-serif; font-size: 14px; background-color: #ffffff;\">\u2638&nbsp;<\/span><b>Dienstags, 17:30 &#8211; 19:00 Uhr<\/b> &#8211; W\u00f6lflinge <i>(Gruppe voll)<\/i><br><span style=\"color: #474747; font-family: Arial, sans-serif; font-size: 14px; background-color: #ffffff;\">\u2638&nbsp;<\/span><b>Mittwochs, 17:45 &#8211; 19:15 Uhr<\/b>&nbsp; &#8211; W\u00f6lflinge <i>(noch freie Pl\u00e4tze)<br><\/i><span style=\"background-color: rgb(255, 255, 255); color: rgb(71, 71, 71); font-family: Arial, sans-serif; font-size: 14px;\">\u2638&nbsp;<\/span><span style=\"font-weight: 700;\">Freitags, 16:00 &#8211; 17:00 Uhr<\/span>&nbsp; &#8211; Biber <i>(noch freie Pl\u00e4tze)<\/i><\/p>\n<p>Wir sind fast immer drau\u00dfen \u2013 machen Feuer, bauen, werkeln, kochen, spielen Gel\u00e4ndespiele, erz\u00e4hlen Geschichten oder singen gemeinsam am Lagerfeuer. Unsere Gruppenstunden beginnen und enden gemeinsam \u2013 denn Pfadfinden bedeutet f\u00fcr uns auch, f\u00fcreinander da zu sein.<\/p>\n<h5>Mitmachen oder mithelfen?<\/h5>\n<p>Wir freuen uns \u00fcber Kinder, die Pfadfinder*innen werden wollen \u2013 aktuell gibt es sogar schon eine Warteliste! Um noch mehr Kindern einen Platz anbieten zu k\u00f6nnen,&nbsp;<strong>suchen wir dringend Gruppenleiterinnen<\/strong>.<\/p>\n<p>Du hast Lust, eine Gruppe zu leiten? Ob mit oder ohne Pfadfinder-Vorerfahrung \u2013 melde dich gerne bei uns:<br>\ud83d\udce7&nbsp;<strong><a>steglitz@vcp-bbb.de<\/a><\/strong><\/p>\t\t\t\t\t\t\t\t<\/div>\n\t\t\t\t<\/div>\n\t\t\t\t\t<\/div>\n\t\t<\/div>\n\t\t\t\t\t<\/div>\n\t\t<\/section>\n\t\t\t\t<\/div>","protected":false},"excerpt":{"rendered":"<p>Pfadfinden in der Abenteueroase Pfadfinden \u2013 das ist Abenteuer, Gemeinschaft und Naturerlebnis. Seit etwas mehr als einem Jahr ist der VCP Stamm Steglitz Teil der Abenteueroase \u2013 mit w\u00f6chentlichen Gruppenstunden und viel Begeisterung f\u00fcr das Pfadfinderleben. Wer montags bis mittwochs \u00fcber das Gel\u00e4nde schaut, sieht Menschen mit Fahrtenhemd und Halst\u00fcchern \u00fcber die Wiese laufen. Am [&hellip;]<\/p>\n","protected":false},"author":4,"featured_media":0,"parent":0,"menu_order":0,"comment_status":"closed","ping_status":"closed","template":"","meta":{"footnotes":""},"class_list":["post-3847","page","type-page","status-publish","hentry"],"_links":{"self":[{"href":"https:\/\/abenteueroase.vcp-bbb.de\/en\/wp-json\/wp\/v2\/pages\/3847","targetHints":{"allow":["GET"]}}],"collection":[{"href":"https:\/\/abenteueroase.vcp-bbb.de\/en\/wp-json\/wp\/v2\/pages"}],"about":[{"href":"https:\/\/abenteueroase.vcp-bbb.de\/en\/wp-json\/wp\/v2\/types\/page"}],"author":[{"embeddable":true,"href":"https:\/\/abenteueroase.vcp-bbb.de\/en\/wp-json\/wp\/v2\/users\/4"}],"replies":[{"embeddable":true,"href":"https:\/\/abenteueroase.vcp-bbb.de\/en\/wp-json\/wp\/v2\/comments?post=3847"}],"version-history":[{"count":24,"href":"https:\/\/abenteueroase.vcp-bbb.de\/en\/wp-json\/wp\/v2\/pages\/3847\/revisions"}],"predecessor-version":[{"id":4053,"href":"https:\/\/abenteueroase.vcp-bbb.de\/en\/wp-json\/wp\/v2\/pages\/3847\/revisions\/4053"}],"wp:attachment":[{"href":"https:\/\/abenteueroase.vcp-bbb.de\/en\/wp-json\/wp\/v2\/media?parent=3847"}],"curies":[{"name":"wp","href":"https:\/\/api.w.org\/{rel}","templated":true}]}}